{"id":6720,"date":"2024-03-09T17:39:31","date_gmt":"2024-03-09T16:39:31","guid":{"rendered":"https:\/\/boedeli-ski.ch\/?page_id=6720"},"modified":"2024-03-17T17:06:13","modified_gmt":"2024-03-17T16:06:13","slug":"17-03-24-rennen-10-bank-eki-ski-cup-final","status":"publish","type":"page","link":"https:\/\/boedeli-ski.ch\/?page_id=6720","title":{"rendered":"17.03.24 \u2013 Rennen 10 \u2013 Bank EKI Ski Cup Final"},"content":{"rendered":"\n<figure class=\"wp-block-image size-large\"><img data-recalc-dims=\"1\" loading=\"lazy\" decoding=\"async\" width=\"810\" height=\"562\" src=\"https:\/\/i0.wp.com\/boedeli-ski.ch\/wp-content\/uploads\/2024\/03\/bank-eki-cup_renntag8_2024.png?resize=810%2C562&#038;ssl=1\" alt=\"\" class=\"wp-image-6727\" srcset=\"https:\/\/i0.wp.com\/boedeli-ski.ch\/wp-content\/uploads\/2024\/03\/bank-eki-cup_renntag8_2024.png?resize=1024%2C710&amp;ssl=1 1024w, https:\/\/i0.wp.com\/boedeli-ski.ch\/wp-content\/uploads\/2024\/03\/bank-eki-cup_renntag8_2024.png?resize=300%2C208&amp;ssl=1 300w, https:\/\/i0.wp.com\/boedeli-ski.ch\/wp-content\/uploads\/2024\/03\/bank-eki-cup_renntag8_2024.png?resize=768%2C532&amp;ssl=1 768w, https:\/\/i0.wp.com\/boedeli-ski.ch\/wp-content\/uploads\/2024\/03\/bank-eki-cup_renntag8_2024.png?resize=1536%2C1065&amp;ssl=1 1536w, https:\/\/i0.wp.com\/boedeli-ski.ch\/wp-content\/uploads\/2024\/03\/bank-eki-cup_renntag8_2024.png?w=1551&amp;ssl=1 1551w\" sizes=\"auto, (max-width: 810px) 100vw, 810px\" \/><\/figure>\n\n\n\n<p class=\"wp-block-paragraph\"><strong>Finalrennen &#8211; Combi-Race Technik<\/strong><br>17. M\u00e4rz 2024 \u2013 B\u00f6deli-Ski<br>Ort: Grindelwald M\u00e4nnlichen<\/p>\n\n\n\n<p class=\"wp-block-paragraph\">Rennen steht allen (gem\u00e4ss Kategorien in Ausschreibung) offen. Es ist einfach das letzte Rennen das Punkte zum Cup gibt!<\/p>\n\n\n\n<p class=\"wp-block-paragraph\"><a href=\"https:\/\/www.swiss-ski-kwo.ch\/tk\/ausschreibungen\/2024\/1194.pdf\">Ausschreibung<\/a> \/ <a href=\"https:\/\/www.swiss-ski-kwo.ch\/tk\/startlisten\/2024\/1194.pdf\">Startliste<\/a> \/ <a href=\"https:\/\/www.swiss-ski-kwo.ch\/tk\/ranglisten\/2024\/1194.pdf\">Rangliste<\/a><\/p>\n\n\n\n<p class=\"wp-block-paragraph\"><a href=\"https:\/\/boedeli-ski.ch\/wp-content\/uploads\/2024\/03\/Schlussrangliste_Bank_EKI_Cup_2024.pdf\">Schlussrangliste Bank EKI Ski Cup 2024<\/a><\/p>\n\n\n\n<p class=\"wp-block-paragraph\"><sup><em>Die Schlusswertung besteht aus den besten 5 Resultaten der 8 durchgef\u00fchrten Cup-Rennen. Die ex aequo Regel des Reglements: Erreichen Fahrerinnen und Fahrer in der Zwischen- oder Schlusswertung des Animations-Cups die gleiche Punktzahl, so entscheidet f\u00fcr die Cup-Rangordnung: 1) die gr\u00f6ssere Anzahl Rennsiege \u00fcber alle Cup-Rennen, 2) die gr\u00f6ssere Anzahl Cupresultate \u00fcber alle Cup-Rennen, 3) die besseren Rangierungen \u00fcber alle Cup-Rennen, 4) der\/die j\u00fcngere Fahrer\/in nach Geburtsdatum.<\/em><\/sup><\/p>\n\n\n\n<p class=\"wp-block-paragraph\" id=\"block-d68d8f24-0f8d-49cc-94df-47a7c320ef58\"><a href=\"https:\/\/boedeli-ski.ch\/?page_id=6720\"><\/a><br>\ufeff<\/p>\n\n\n\n<hr class=\"wp-block-separator has-alpha-channel-opacity\" id=\"block-22baa91e-b949-47bb-853d-3c4534e1e99b\"\/>\n\n\n\n<p class=\"wp-block-paragraph\" id=\"block-9ef5abad-7b93-4137-b226-29ff4437645c\"><a href=\"https:\/\/boedeli-ski.ch\/wp-content\/uploads\/2023\/11\/Reglement_Bank_EKI_Ski_Cup_2024.pdf\">Reglement Bank EKI Ski Cup 2024<\/a><\/p>\n\n\n\n<hr class=\"wp-block-separator has-alpha-channel-opacity\" id=\"block-1c0f91f5-f5aa-4218-b21f-d07ed8904898\"\/>\n\n\n\n<p class=\"wp-block-paragraph\" id=\"block-eb80116d-83b9-4e82-9672-ef8a5befbc52\"><a href=\"https:\/\/boedeli-ski.ch\/wp-content\/uploads\/2023\/11\/Anmelde_Vorlage_Rennen_2024.xlsx\">Anmeldevorlage Rennen 2024<\/a><\/p>\n\n\n\n<hr class=\"wp-block-separator has-alpha-channel-opacity\" id=\"block-a3149b9a-4727-4679-a01d-fe85d5ab6d33\"\/>\n\n\n\n<p class=\"wp-block-paragraph\"><a href=\"https:\/\/boedeli-ski.ch\/?page_id=174\">\u00dcbersicht Bank EKI Ski Cup<\/a><\/p>\n","protected":false},"excerpt":{"rendered":"<p>Finalrennen &#8211; Combi-Race Technik17. M\u00e4rz 2024 \u2013 B\u00f6deli-SkiOrt: Grindelwald M\u00e4nnlichen [&hellip;]<\/p>\n","protected":false},"author":1,"featured_media":0,"parent":0,"menu_order":0,"comment_status":"closed","ping_status":"closed","template":"template-fullwidth.php","meta":{"_crdt_document":"","jetpack_post_was_ever_published":false,"footnotes":""},"class_list":["post-6720","page","type-page","status-publish","hentry"],"jetpack_sharing_enabled":true,"jetpack_shortlink":"https:\/\/wp.me\/P9y5Fm-1Ko","_links":{"self":[{"href":"https:\/\/boedeli-ski.ch\/index.php?rest_route=\/wp\/v2\/pages\/6720","targetHints":{"allow":["GET"]}}],"collection":[{"href":"https:\/\/boedeli-ski.ch\/index.php?rest_route=\/wp\/v2\/pages"}],"about":[{"href":"https:\/\/boedeli-ski.ch\/index.php?rest_route=\/wp\/v2\/types\/page"}],"author":[{"embeddable":true,"href":"https:\/\/boedeli-ski.ch\/index.php?rest_route=\/wp\/v2\/users\/1"}],"replies":[{"embeddable":true,"href":"https:\/\/boedeli-ski.ch\/index.php?rest_route=%2Fwp%2Fv2%2Fcomments&post=6720"}],"version-history":[{"count":7,"href":"https:\/\/boedeli-ski.ch\/index.php?rest_route=\/wp\/v2\/pages\/6720\/revisions"}],"predecessor-version":[{"id":6765,"href":"https:\/\/boedeli-ski.ch\/index.php?rest_route=\/wp\/v2\/pages\/6720\/revisions\/6765"}],"wp:attachment":[{"href":"https:\/\/boedeli-ski.ch\/index.php?rest_route=%2Fwp%2Fv2%2Fmedia&parent=6720"}],"curies":[{"name":"wp","href":"https:\/\/api.w.org\/{rel}","templated":true}]}}