{"id":6536,"date":"2024-01-30T11:21:45","date_gmt":"2024-01-30T10:21:45","guid":{"rendered":"https:\/\/boedeli-ski.ch\/?page_id=6536"},"modified":"2024-02-11T21:40:12","modified_gmt":"2024-02-11T20:40:12","slug":"11-02-24-rennen-5-habkern-riesenslalom","status":"publish","type":"page","link":"https:\/\/boedeli-ski.ch\/?page_id=6536","title":{"rendered":"11.02.24 \u2013 Rennen 5 \u2013 Habkern Riesenslalom"},"content":{"rendered":"\n<figure class=\"wp-block-image size-large\"><img data-recalc-dims=\"1\" loading=\"lazy\" decoding=\"async\" width=\"810\" height=\"562\" src=\"https:\/\/i0.wp.com\/boedeli-ski.ch\/wp-content\/uploads\/2024\/01\/bank-eki-cup_rennen4_2024.png?resize=810%2C562&#038;ssl=1\" alt=\"\" class=\"wp-image-6538\" srcset=\"https:\/\/i0.wp.com\/boedeli-ski.ch\/wp-content\/uploads\/2024\/01\/bank-eki-cup_rennen4_2024.png?resize=1024%2C710&amp;ssl=1 1024w, https:\/\/i0.wp.com\/boedeli-ski.ch\/wp-content\/uploads\/2024\/01\/bank-eki-cup_rennen4_2024.png?resize=300%2C208&amp;ssl=1 300w, https:\/\/i0.wp.com\/boedeli-ski.ch\/wp-content\/uploads\/2024\/01\/bank-eki-cup_rennen4_2024.png?resize=768%2C532&amp;ssl=1 768w, https:\/\/i0.wp.com\/boedeli-ski.ch\/wp-content\/uploads\/2024\/01\/bank-eki-cup_rennen4_2024.png?resize=1536%2C1065&amp;ssl=1 1536w, https:\/\/i0.wp.com\/boedeli-ski.ch\/wp-content\/uploads\/2024\/01\/bank-eki-cup_rennen4_2024.png?w=1551&amp;ssl=1 1551w\" sizes=\"auto, (max-width: 810px) 100vw, 810px\" \/><\/figure>\n\n\n\n<p class=\"wp-block-paragraph\"><strong><strong>Habkern &#8211; Adler Riesenslalom<\/strong><\/strong><br>11. Februar 2024 \u2013 Skiclub Habkern<br>Ort: Habkern<\/p>\n\n\n\n<p class=\"wp-block-paragraph\"><a href=\"https:\/\/www.swiss-ski-kwo.ch\/tk\/ausschreibungen\/2024\/1189.pdf\">Ausschreibung<\/a><\/p>\n\n\n\n<p class=\"wp-block-paragraph\"><a href=\"https:\/\/boedeli-ski.ch\/wp-content\/uploads\/2024\/02\/2024-02-11_Zwischenrangliste_Bank_EKI_Cup_2024.pdf\">4. Cup-Zwischenrangliste<\/a><\/p>\n\n\n\n<p class=\"has-text-color has-link-color wp-elements-40db75a78071808419bc67840ded9c14 wp-block-paragraph\" style=\"color:#ff0000\">Der Adler Riesenslalom kann leider dieses Jahr nicht durchgef\u00fchrt werden. Am Skilift Habkern liegt zuwenig Schnee und eine Austragung an einem Ersatzort kommt auch nicht zustande!<br>Wir danken f\u00fcr das Verst\u00e4ndis und freuen uns alle am 25. Februar in M\u00fcrren am Kombi-Race zu sehen!<\/p>\n\n\n\n<hr class=\"wp-block-separator has-css-opacity\"\/>\n\n\n\n<p class=\"wp-block-paragraph\"><a href=\"https:\/\/boedeli-ski.ch\/?page_id=174\">\u00dcbersicht Bank EKI Ski Cup<\/a><\/p>\n","protected":false},"excerpt":{"rendered":"<p>Habkern &#8211; Adler Riesenslalom11. Februar 2024 \u2013 Skiclub HabkernOrt: Habkern [&hellip;]<\/p>\n","protected":false},"author":1,"featured_media":0,"parent":0,"menu_order":0,"comment_status":"closed","ping_status":"closed","template":"template-fullwidth.php","meta":{"_crdt_document":"","jetpack_post_was_ever_published":false,"footnotes":""},"class_list":["post-6536","page","type-page","status-publish","hentry"],"jetpack_sharing_enabled":true,"jetpack_shortlink":"https:\/\/wp.me\/P9y5Fm-1Hq","_links":{"self":[{"href":"https:\/\/boedeli-ski.ch\/index.php?rest_route=\/wp\/v2\/pages\/6536","targetHints":{"allow":["GET"]}}],"collection":[{"href":"https:\/\/boedeli-ski.ch\/index.php?rest_route=\/wp\/v2\/pages"}],"about":[{"href":"https:\/\/boedeli-ski.ch\/index.php?rest_route=\/wp\/v2\/types\/page"}],"author":[{"embeddable":true,"href":"https:\/\/boedeli-ski.ch\/index.php?rest_route=\/wp\/v2\/users\/1"}],"replies":[{"embeddable":true,"href":"https:\/\/boedeli-ski.ch\/index.php?rest_route=%2Fwp%2Fv2%2Fcomments&post=6536"}],"version-history":[{"count":5,"href":"https:\/\/boedeli-ski.ch\/index.php?rest_route=\/wp\/v2\/pages\/6536\/revisions"}],"predecessor-version":[{"id":6563,"href":"https:\/\/boedeli-ski.ch\/index.php?rest_route=\/wp\/v2\/pages\/6536\/revisions\/6563"}],"wp:attachment":[{"href":"https:\/\/boedeli-ski.ch\/index.php?rest_route=%2Fwp%2Fv2%2Fmedia&parent=6536"}],"curies":[{"name":"wp","href":"https:\/\/api.w.org\/{rel}","templated":true}]}}