{"id":506,"date":"2018-01-06T19:46:45","date_gmt":"2018-01-06T19:46:45","guid":{"rendered":"http:\/\/boedeli-ski.ch\/WordPress\/?page_id=506"},"modified":"2025-11-23T17:58:10","modified_gmt":"2025-11-23T16:58:10","slug":"youngster","status":"publish","type":"page","link":"https:\/\/boedeli-ski.ch\/?page_id=506","title":{"rendered":"Youngster"},"content":{"rendered":"\n<p class=\"wp-block-paragraph\"><\/p>\n\n\n\n<figure class=\"wp-block-image size-large\"><img data-recalc-dims=\"1\" loading=\"lazy\" decoding=\"async\" width=\"810\" height=\"405\" src=\"https:\/\/i0.wp.com\/boedeli-ski.ch\/wp-content\/uploads\/2024\/10\/YoungsterTeam2024.jpg?resize=810%2C405&#038;ssl=1\" alt=\"\" class=\"wp-image-6918\" srcset=\"https:\/\/i0.wp.com\/boedeli-ski.ch\/wp-content\/uploads\/2024\/10\/YoungsterTeam2024.jpg?resize=1024%2C512&amp;ssl=1 1024w, https:\/\/i0.wp.com\/boedeli-ski.ch\/wp-content\/uploads\/2024\/10\/YoungsterTeam2024.jpg?resize=300%2C150&amp;ssl=1 300w, https:\/\/i0.wp.com\/boedeli-ski.ch\/wp-content\/uploads\/2024\/10\/YoungsterTeam2024.jpg?resize=768%2C384&amp;ssl=1 768w, https:\/\/i0.wp.com\/boedeli-ski.ch\/wp-content\/uploads\/2024\/10\/YoungsterTeam2024.jpg?resize=1536%2C768&amp;ssl=1 1536w, https:\/\/i0.wp.com\/boedeli-ski.ch\/wp-content\/uploads\/2024\/10\/YoungsterTeam2024.jpg?resize=2048%2C1024&amp;ssl=1 2048w, https:\/\/i0.wp.com\/boedeli-ski.ch\/wp-content\/uploads\/2024\/10\/YoungsterTeam2024.jpg?resize=820%2C410&amp;ssl=1 820w, https:\/\/i0.wp.com\/boedeli-ski.ch\/wp-content\/uploads\/2024\/10\/YoungsterTeam2024.jpg?resize=880%2C440&amp;ssl=1 880w, https:\/\/i0.wp.com\/boedeli-ski.ch\/wp-content\/uploads\/2024\/10\/YoungsterTeam2024.jpg?w=1620&amp;ssl=1 1620w, https:\/\/i0.wp.com\/boedeli-ski.ch\/wp-content\/uploads\/2024\/10\/YoungsterTeam2024.jpg?w=2430&amp;ssl=1 2430w\" sizes=\"auto, (max-width: 810px) 100vw, 810px\" \/><\/figure>\n\n\n\n<p class=\"wp-block-paragraph\"><strong>Trainingsangebot Youngster<br><\/strong>Das Trainingsangebot Youngster ist ein erg\u00e4nzendes Angebot zum Training in der Renngruppe des Skiclubs. JO-Fahrerinnen und JO-Fahrer aus den <a href=\"https:\/\/boedeli-ski.ch\/?page_id=42\" data-type=\"page\" data-id=\"42\">Skiclubs der Region B\u00f6deli<\/a> erhalten ab Saisonbeginn die Gelegenheit, am Mittwochnachmittag und an einigen weiteren Tagen auf dem Schnee zu trainieren. Zielsetzung, dieser 20 bis 25 zus\u00e4tzlichen rennsportspezifischen Trainings, ist die Verbesserung der skitechnischen F\u00e4higkeiten. Durch die Zusatzausbildung soll die Basis f\u00fcr einen m\u00f6glichen Aufstieg in das <a href=\"https:\/\/boedeli-ski.ch\/?page_id=3546\" data-type=\"page\" data-id=\"3546\">Region Kader<\/a> gelegt werden.<br>Die Trainings sind in Habkern oder der Jungfrau Ski Region vorgesehen und sollen eine Erg\u00e4nzung zu den JO Trainings der Skiclubs darstellen. Samstags besuchen die Kinder die Trainings ihrer Skiclub-Renngruppe.<\/p>\n\n\n\n<figure class=\"wp-block-image size-large\"><img data-recalc-dims=\"1\" loading=\"lazy\" decoding=\"async\" width=\"810\" height=\"326\" src=\"https:\/\/i0.wp.com\/boedeli-ski.ch\/wp-content\/uploads\/2019\/09\/YoungsterWeb1.jpg?resize=810%2C326&#038;ssl=1\" alt=\"\" class=\"wp-image-2641\" srcset=\"https:\/\/i0.wp.com\/boedeli-ski.ch\/wp-content\/uploads\/2019\/09\/YoungsterWeb1.jpg?resize=1024%2C412&amp;ssl=1 1024w, https:\/\/i0.wp.com\/boedeli-ski.ch\/wp-content\/uploads\/2019\/09\/YoungsterWeb1.jpg?resize=300%2C121&amp;ssl=1 300w, https:\/\/i0.wp.com\/boedeli-ski.ch\/wp-content\/uploads\/2019\/09\/YoungsterWeb1.jpg?resize=768%2C309&amp;ssl=1 768w, https:\/\/i0.wp.com\/boedeli-ski.ch\/wp-content\/uploads\/2019\/09\/YoungsterWeb1.jpg?w=1595&amp;ssl=1 1595w\" sizes=\"auto, (max-width: 810px) 100vw, 810px\" \/><\/figure>\n\n\n\n<p class=\"wp-block-paragraph\"><strong>Teilnahme<\/strong><br>Am Training teilnehmen k\u00f6nnen in der Saison 25-26 M\u00e4dchen und Knaben mit Jahrgang 2014 bis 2016. (In Ausnahmef\u00e4llen \u00c4ltere, nach R\u00fccksprache.) \u00dcber die Aufnahme der durch die Skiclubs gemeldeten Interessenten entscheidet B\u00f6deli-Ski in Zusammenarbeit mit den JO-Chefs der Clubs.<\/p>\n\n\n\n<p class=\"wp-block-paragraph\"><strong>Kosten<br><\/strong>Die Kosten sind wie folgt festgelegt: 200.- pro Saison (Empfehlung Kosten\u00fcbernahme Skiclub 50%)<\/p>\n\n\n\n<p class=\"wp-block-paragraph\"><strong>Anmeldung<br><\/strong>Die Kinder k\u00f6nnen sich ausschliesslich \u00fcber den JO-Chef ihres Skiclubs anmelden. Dieser ist auch \u00fcber die Zulassungsbedingungen informiert. Anmeldeschluss ist jeweils im Oktober, anschliessend findet auf Einladung ein Infoanlass f\u00fcr die gemeldeten Kinder und Eltern statt.<\/p>\n\n\n\n<p class=\"wp-block-paragraph\"><strong>Infos<br><\/strong>Anfrage per Email: <a href=\"mailto:info@boedeli-ski.ch\">info@boedeli-ski.ch<\/a><\/p>\n\n\n\n<figure class=\"wp-block-image size-large\"><img data-recalc-dims=\"1\" loading=\"lazy\" decoding=\"async\" width=\"810\" height=\"326\" src=\"https:\/\/i0.wp.com\/boedeli-ski.ch\/wp-content\/uploads\/2019\/09\/YoungsterWeb4.jpg?resize=810%2C326&#038;ssl=1\" alt=\"\" class=\"wp-image-2640\" srcset=\"https:\/\/i0.wp.com\/boedeli-ski.ch\/wp-content\/uploads\/2019\/09\/YoungsterWeb4.jpg?resize=1024%2C412&amp;ssl=1 1024w, https:\/\/i0.wp.com\/boedeli-ski.ch\/wp-content\/uploads\/2019\/09\/YoungsterWeb4.jpg?resize=300%2C121&amp;ssl=1 300w, https:\/\/i0.wp.com\/boedeli-ski.ch\/wp-content\/uploads\/2019\/09\/YoungsterWeb4.jpg?resize=768%2C309&amp;ssl=1 768w, https:\/\/i0.wp.com\/boedeli-ski.ch\/wp-content\/uploads\/2019\/09\/YoungsterWeb4.jpg?w=1591&amp;ssl=1 1591w\" sizes=\"auto, (max-width: 810px) 100vw, 810px\" \/><\/figure>\n\n\n\n<figure class=\"wp-block-image size-large\"><img data-recalc-dims=\"1\" loading=\"lazy\" decoding=\"async\" width=\"810\" height=\"326\" src=\"https:\/\/i0.wp.com\/boedeli-ski.ch\/wp-content\/uploads\/2019\/09\/YoungsterWeb3.jpg?resize=810%2C326&#038;ssl=1\" alt=\"\" class=\"wp-image-2639\" srcset=\"https:\/\/i0.wp.com\/boedeli-ski.ch\/wp-content\/uploads\/2019\/09\/YoungsterWeb3.jpg?resize=1024%2C412&amp;ssl=1 1024w, https:\/\/i0.wp.com\/boedeli-ski.ch\/wp-content\/uploads\/2019\/09\/YoungsterWeb3.jpg?resize=300%2C121&amp;ssl=1 300w, https:\/\/i0.wp.com\/boedeli-ski.ch\/wp-content\/uploads\/2019\/09\/YoungsterWeb3.jpg?resize=768%2C309&amp;ssl=1 768w, https:\/\/i0.wp.com\/boedeli-ski.ch\/wp-content\/uploads\/2019\/09\/YoungsterWeb3.jpg?w=1591&amp;ssl=1 1591w\" sizes=\"auto, (max-width: 810px) 100vw, 810px\" \/><\/figure>\n","protected":false},"excerpt":{"rendered":"<p>Trainingsangebot YoungsterDas Trainingsangebot Youngster ist ein erg\u00e4nzendes Angebot zum Training [&hellip;]<\/p>\n","protected":false},"author":1,"featured_media":0,"parent":0,"menu_order":0,"comment_status":"closed","ping_status":"closed","template":"template-fullwidth.php","meta":{"_crdt_document":"","jetpack_post_was_ever_published":false,"footnotes":""},"class_list":["post-506","page","type-page","status-publish","hentry"],"jetpack_sharing_enabled":true,"jetpack_shortlink":"https:\/\/wp.me\/P9y5Fm-8a","_links":{"self":[{"href":"https:\/\/boedeli-ski.ch\/index.php?rest_route=\/wp\/v2\/pages\/506","targetHints":{"allow":["GET"]}}],"collection":[{"href":"https:\/\/boedeli-ski.ch\/index.php?rest_route=\/wp\/v2\/pages"}],"about":[{"href":"https:\/\/boedeli-ski.ch\/index.php?rest_route=\/wp\/v2\/types\/page"}],"author":[{"embeddable":true,"href":"https:\/\/boedeli-ski.ch\/index.php?rest_route=\/wp\/v2\/users\/1"}],"replies":[{"embeddable":true,"href":"https:\/\/boedeli-ski.ch\/index.php?rest_route=%2Fwp%2Fv2%2Fcomments&post=506"}],"version-history":[{"count":35,"href":"https:\/\/boedeli-ski.ch\/index.php?rest_route=\/wp\/v2\/pages\/506\/revisions"}],"predecessor-version":[{"id":7519,"href":"https:\/\/boedeli-ski.ch\/index.php?rest_route=\/wp\/v2\/pages\/506\/revisions\/7519"}],"wp:attachment":[{"href":"https:\/\/boedeli-ski.ch\/index.php?rest_route=%2Fwp%2Fv2%2Fmedia&parent=506"}],"curies":[{"name":"wp","href":"https:\/\/api.w.org\/{rel}","templated":true}]}}