{"id":2494,"date":"2019-06-19T20:27:29","date_gmt":"2019-06-19T19:27:29","guid":{"rendered":"http:\/\/boedeli-ski.ch\/?page_id=2494"},"modified":"2019-06-19T20:41:22","modified_gmt":"2019-06-19T19:41:22","slug":"cool-and-clean","status":"publish","type":"page","link":"https:\/\/boedeli-ski.ch\/?page_id=2494","title":{"rendered":"cool and clean"},"content":{"rendered":"\n<figure class=\"wp-block-image\"><a href=\"https:\/\/www.coolandclean.ch\/\" target=\"_blank\" rel=\"noreferrer noopener\"><img loading=\"lazy\" decoding=\"async\" width=\"1346\" height=\"171\" src=\"https:\/\/i2.wp.com\/boedeli-ski.ch\/wp-content\/uploads\/2019\/06\/CNC_Label_quer_SO-JS.jpg?fit=810%2C103\" alt=\"\" class=\"wp-image-2504\" srcset=\"https:\/\/i0.wp.com\/boedeli-ski.ch\/wp-content\/uploads\/2019\/06\/CNC_Label_quer_SO-JS.jpg?w=1346&amp;ssl=1 1346w, https:\/\/i0.wp.com\/boedeli-ski.ch\/wp-content\/uploads\/2019\/06\/CNC_Label_quer_SO-JS.jpg?resize=300%2C38&amp;ssl=1 300w, https:\/\/i0.wp.com\/boedeli-ski.ch\/wp-content\/uploads\/2019\/06\/CNC_Label_quer_SO-JS.jpg?resize=768%2C98&amp;ssl=1 768w, https:\/\/i0.wp.com\/boedeli-ski.ch\/wp-content\/uploads\/2019\/06\/CNC_Label_quer_SO-JS.jpg?resize=1024%2C130&amp;ssl=1 1024w\" sizes=\"auto, (max-width: 810px) 100vw, 810px\" \/><\/a><\/figure>\n\n\n\n<p class=\"wp-block-paragraph\">Das Pr\u00e4ventionsprogramm \u00abcool and \nclean\u00bb von Swiss Olympic steht f\u00fcr erfolgreichen, fairen und sauberen \nSport. Es unterst\u00fctzt leitende Personen darin, die Lebenskompetenzen der\n Jugendlichen zu f\u00f6rdern, gef\u00e4hrliche Entwicklungen fr\u00fchzeitig zu \nerkennen und richtig zu reagieren.&nbsp;<\/p>\n\n\n\n<h2 class=\"wp-block-heading\">Die \u00abcool and clean\u00bb-Commitments<\/h2>\n\n\n\n<p class=\"wp-block-paragraph\">Das Programm baut auf sechs Commitments auf, zu denen sich die Leitenden zusammen mit den Jugendlichen bekennen:<\/p>\n\n\n\n<ol class=\"wp-block-list\"><li>Ich will meine Ziele erreichen!<\/li><li>Ich verhalte mich fair!<\/li><li>Ich leiste ohne Doping!<\/li><li>Ich verzichte auf Tabak!<\/li><li>Ich verzichte auf Alkohol! (U16)<br> Wenn ich Alkohol trinke, dann ohne mir und anderen zu schaden! (16+)<\/li><li>Ich \u2026 ! \/ Wir \u2026 ! (eigenes Commitment)<\/li><\/ol>\n\n\n\n<p class=\"wp-block-paragraph\"><a href=\"https:\/\/www.coolandclean.ch\" target=\"_blank\" rel=\"noreferrer noopener\" aria-label=\" (\u00f6ffnet in neuem Tab)\">https:\/\/www.coolandclean.ch<\/a><\/p>\n","protected":false},"excerpt":{"rendered":"<p>Das Pr\u00e4ventionsprogramm \u00abcool and clean\u00bb von Swiss Olympic steht f\u00fcr [&hellip;]<\/p>\n","protected":false},"author":1,"featured_media":0,"parent":0,"menu_order":0,"comment_status":"closed","ping_status":"closed","template":"template-fullwidth.php","meta":{"_crdt_document":"","jetpack_post_was_ever_published":false,"footnotes":""},"class_list":["post-2494","page","type-page","status-publish","hentry"],"jetpack_sharing_enabled":true,"jetpack_shortlink":"https:\/\/wp.me\/P9y5Fm-Ee","_links":{"self":[{"href":"https:\/\/boedeli-ski.ch\/index.php?rest_route=\/wp\/v2\/pages\/2494","targetHints":{"allow":["GET"]}}],"collection":[{"href":"https:\/\/boedeli-ski.ch\/index.php?rest_route=\/wp\/v2\/pages"}],"about":[{"href":"https:\/\/boedeli-ski.ch\/index.php?rest_route=\/wp\/v2\/types\/page"}],"author":[{"embeddable":true,"href":"https:\/\/boedeli-ski.ch\/index.php?rest_route=\/wp\/v2\/users\/1"}],"replies":[{"embeddable":true,"href":"https:\/\/boedeli-ski.ch\/index.php?rest_route=%2Fwp%2Fv2%2Fcomments&post=2494"}],"version-history":[{"count":5,"href":"https:\/\/boedeli-ski.ch\/index.php?rest_route=\/wp\/v2\/pages\/2494\/revisions"}],"predecessor-version":[{"id":2505,"href":"https:\/\/boedeli-ski.ch\/index.php?rest_route=\/wp\/v2\/pages\/2494\/revisions\/2505"}],"wp:attachment":[{"href":"https:\/\/boedeli-ski.ch\/index.php?rest_route=%2Fwp%2Fv2%2Fmedia&parent=2494"}],"curies":[{"name":"wp","href":"https:\/\/api.w.org\/{rel}","templated":true}]}}