{"id":174,"date":"2021-10-01T08:13:15","date_gmt":"2021-10-01T07:13:15","guid":{"rendered":"http:\/\/boedeli-ski.ch\/WordPress\/?page_id=174"},"modified":"2026-03-22T19:14:40","modified_gmt":"2026-03-22T18:14:40","slug":"bank-eki-ski-cup","status":"publish","type":"page","link":"https:\/\/boedeli-ski.ch\/?page_id=174","title":{"rendered":"Bank EKI Ski Cup"},"content":{"rendered":"\n<figure class=\"wp-block-image size-large\"><img data-recalc-dims=\"1\" loading=\"lazy\" decoding=\"async\" width=\"810\" height=\"165\" src=\"https:\/\/i0.wp.com\/boedeli-ski.ch\/wp-content\/uploads\/2025\/09\/logo_bank-eki-ski-cup_mit_boedeli_und_Jahr_Saison2026.png?resize=810%2C165&#038;ssl=1\" alt=\"\" class=\"wp-image-7401\" srcset=\"https:\/\/i0.wp.com\/boedeli-ski.ch\/wp-content\/uploads\/2025\/09\/logo_bank-eki-ski-cup_mit_boedeli_und_Jahr_Saison2026.png?resize=1024%2C209&amp;ssl=1 1024w, https:\/\/i0.wp.com\/boedeli-ski.ch\/wp-content\/uploads\/2025\/09\/logo_bank-eki-ski-cup_mit_boedeli_und_Jahr_Saison2026.png?resize=300%2C61&amp;ssl=1 300w, https:\/\/i0.wp.com\/boedeli-ski.ch\/wp-content\/uploads\/2025\/09\/logo_bank-eki-ski-cup_mit_boedeli_und_Jahr_Saison2026.png?resize=768%2C156&amp;ssl=1 768w, https:\/\/i0.wp.com\/boedeli-ski.ch\/wp-content\/uploads\/2025\/09\/logo_bank-eki-ski-cup_mit_boedeli_und_Jahr_Saison2026.png?resize=1536%2C313&amp;ssl=1 1536w, https:\/\/i0.wp.com\/boedeli-ski.ch\/wp-content\/uploads\/2025\/09\/logo_bank-eki-ski-cup_mit_boedeli_und_Jahr_Saison2026.png?w=1600&amp;ssl=1 1600w\" sizes=\"auto, (max-width: 810px) 100vw, 810px\" \/><\/figure>\n\n\n\n<p class=\"wp-block-paragraph\">Der Bank EKI Ski Cup besteht aus Nachwuchsrennen in den Disziplinen Riesenslalom, Slalom und Kombi Race Technik. Dies sind Animationsrennen gem\u00e4ss dem Swiss-Ski Reglement. Teilnahmeberechtigt sind alle Kinder und Jugendliche von Swiss-Ski Skiclubs. Nach dem Finalrennen wird die Cupsiegerin und der Cupsieger aus den besten 6 Resultaten der 9 Rennen ermittelt.<\/p>\n\n\n\n<pre class=\"wp-block-preformatted\">Die Rennen im Bank EKI Ski Cup 2026 werden neu per Online-Anmeldung auf der neuen Wettkampf Plattform von Swiss-Ski angemeldet: <a href=\"http:\/\/kwo.swiss-ski.ch\" target=\"_blank\" rel=\"noreferrer noopener\">http:\/\/kwo.swiss-ski.ch<\/a><br>Die Clubverantwortlichen haben einen Login und k\u00f6nnen die Kinder ihres Skiclubs anmelden. Wir danken f\u00fcr die Mithilfe beim neuen Anmeldeweg, der die Rennorganisatoren entlastet und die Datenqualit\u00e4t erh\u00f6ht.<\/pre>\n\n\n\n<p class=\"wp-block-paragraph\">Wichtig f\u00fcr teilnehmende Skiclubs:<br><a href=\"https:\/\/boedeli-ski.ch\/wp-content\/uploads\/2025\/12\/Factsheet_Onlineanmeldung_Bank_EKI_Ski_Cup_2026.pdf\">Factsheet Onlineanmeldung<\/a><br><a href=\"https:\/\/boedeli-ski.ch\/wp-content\/uploads\/2025\/12\/WR-2026-Alpin.pdf\">Wettkampfreglement Swiss-Ski 2026<\/a><\/p>\n\n\n\n<hr class=\"wp-block-separator has-css-opacity\"\/>\n\n\n\n<p class=\"wp-block-paragraph\"><a href=\"https:\/\/boedeli-ski.ch\/?page_id=982\">Cup Siegerliste 2007 &#8211; 2025<\/a><\/p>\n\n\n\n<hr class=\"wp-block-separator has-css-opacity\"\/>\n\n\n\n<p class=\"wp-block-paragraph\"><strong>Rennplan Saison 2025-2026:<\/strong><\/p>\n\n\n\n<p class=\"wp-block-paragraph\"><a href=\"https:\/\/boedeli-ski.ch\/?page_id=7535\">Rennen 1 \u2013 04.01.2026 \u2013 Riesenslalom Winteregg &#8211; Leissigen<\/a><br><a href=\"https:\/\/boedeli-ski.ch\/wp-content\/uploads\/2026\/01\/2026-01-04_Zwischenrangliste_Bank_EKI_Cup_2026.pdf\">1. Cup-Zwischenrangliste<\/a><br><br><a href=\"https:\/\/boedeli-ski.ch\/?page_id=7601\">Rennen 2 \u2013 25.01.2026 \u2013 Kombi Race (Technik) &#8211; Hasliberg<\/a><br><a href=\"https:\/\/boedeli-ski.ch\/wp-content\/uploads\/2026\/01\/2026-01-25_Zwischenrangliste_Bank_EKI_Cup_2026.pdf\">2. Cup-Zwischenrangliste<\/a><br><br><a href=\"https:\/\/boedeli-ski.ch\/?page_id=7616\">Rennen 3 \/ 4 \u2013 01.02.2026 \u2013 Slalom (2 Rennen) Bumps Wengen &#8211; Grindelwald \/ Wengen<\/a><br><a href=\"https:\/\/boedeli-ski.ch\/wp-content\/uploads\/2026\/02\/2026-02-01_Zwischenrangliste_Bank_EKI_Cup_2026.pdf\">3. Cup-Zwischenrangliste<\/a><br><br><a href=\"https:\/\/boedeli-ski.ch\/?page_id=7671\">Rennen 5 \/ 6 \u2013 15.02.2026 \u2013 Riesenslalom Adler (2 Rennen) &#8211; Habkern<\/a><br><a href=\"https:\/\/boedeli-ski.ch\/wp-content\/uploads\/2026\/02\/2026-02-15_Zwischenrangliste_Bank_EKI_Cup_2026.pdf\">4. Cup-Zwischenrangliste<\/a><br><br><a href=\"https:\/\/boedeli-ski.ch\/?page_id=7745\">Rennen 7 \u2013 22.02.2026 \u2013 Kombi Race (Technik) &#8211; M\u00fcrren<\/a><br><a href=\"https:\/\/boedeli-ski.ch\/wp-content\/uploads\/2026\/02\/2026-02-22_Zwischenrangliste_Bank_EKI_Cup_2026.pdf\">5. Cup-Zwischenrangliste<\/a><br><br><a href=\"https:\/\/boedeli-ski.ch\/?page_id=7753\">Rennen 8 \u2013 01.03.2026 \u2013 Riesenslalom First &#8211; Wilderswil<\/a><br><a href=\"https:\/\/boedeli-ski.ch\/wp-content\/uploads\/2026\/03\/2026-03-01_Zwischenrangliste_Bank_EKI_Cup_2026.pdf\">6. Cup-Zwischenrangliste<\/a><br><br><a href=\"https:\/\/boedeli-ski.ch\/?page_id=7858\">Rennen 9 \u2013 22.03.2026 \u2013 Bank EKI Ski Cup Final, Slalom &#8211; B\u00f6deli-Ski<\/a><\/p>\n\n\n\n<p class=\"wp-block-paragraph\"><a href=\"https:\/\/boedeli-ski.ch\/wp-content\/uploads\/2026\/03\/2026-03-22_Schlussrangliste_Bank_EKI_Cup_2026.pdf\">Schlussrangliste Bank EKI Ski Cup 2026<\/a><\/p>\n\n\n\n<p class=\"wp-block-paragraph\"><sup><em>Die Schlusswertung besteht aus den besten 6 Resultaten der 9 durchgef\u00fchrten Cup-Rennen. Die ex aequo Regel des Reglements: Erreichen Fahrerinnen und Fahrer in der Zwischen- oder Schlusswertung des Animations-Cups die gleiche Punktzahl, so entscheidet f\u00fcr die Cup-Rangordnung: 1) die gr\u00f6ssere Anzahl Rennsiege \u00fcber alle Cup-Rennen, 2) die gr\u00f6ssere Anzahl Cupresultate \u00fcber alle Cup-Rennen, 3) die besseren Rangierungen \u00fcber alle Cup-Rennen, 4) der\/die j\u00fcngere Fahrer\/in nach Geburtsdatum.<\/em><\/sup><br><\/p>\n\n\n\n<hr class=\"wp-block-separator has-css-opacity\"\/>\n\n\n\n<p class=\"wp-block-paragraph\"><a href=\"https:\/\/boedeli-ski.ch\/wp-content\/uploads\/2026\/01\/Reglement_Bank_EKI_Ski_Cup_2026.pdf\">Reglement Bank EKI Ski Cup 2026<\/a><\/p>\n\n\n\n<hr class=\"wp-block-separator has-css-opacity\"\/>\n\n\n\n<p class=\"wp-block-paragraph\"><strong>Archiv:<\/strong><\/p>\n\n\n\n<ul class=\"wp-block-list\">\n<li><a href=\"https:\/\/boedeli-ski.ch\/?page_id=7393\">Bank EKI Ski Cup 2025<\/a><\/li>\n\n\n\n<li><a href=\"https:\/\/boedeli-ski.ch\/?page_id=6892\">Bank EKI Ski Cup 2024<\/a><\/li>\n\n\n\n<li><a href=\"https:\/\/boedeli-ski.ch\/?page_id=6103\">Bank EKI Ski Cup 2023<\/a><\/li>\n\n\n\n<li><a href=\"https:\/\/boedeli-ski.ch\/?page_id=5508\" data-type=\"page\" data-id=\"5508\">Bank EKI Ski Cup 2022<\/a><\/li>\n\n\n\n<li><a href=\"https:\/\/boedeli-ski.ch\/?page_id=4392\" data-type=\"page\" data-id=\"4392\">Bank EKI Ski Cup 2021<\/a><\/li>\n\n\n\n<li><a href=\"https:\/\/boedeli-ski.ch\/?p=3752\" data-type=\"post\">Bank EKI Ski Cup 2020<\/a><\/li>\n\n\n\n<li><a href=\"https:\/\/boedeli-ski.ch\/?page_id=2566\">Bank EKI Ski Cup 2019<\/a><\/li>\n\n\n\n<li><a href=\"https:\/\/boedeli-ski.ch\/?page_id=1343\">Bank EKI Ski Cup 2018<\/a><\/li>\n\n\n\n<li><a href=\"https:\/\/boedeli-ski.ch\/bank-eki-cup\/2017\/bank-eki-ski-cup_2017.html\">Bank EKI Ski Cup 2017<\/a><\/li>\n\n\n\n<li><a href=\"https:\/\/boedeli-ski.ch\/bank-eki-cup\/2016\/bank-eki-ski-cup_2016.html\">Bank EKI Ski Cup 2016<\/a><\/li>\n\n\n\n<li><a href=\"https:\/\/boedeli-ski.ch\/bank-eki-cup\/2015\/bank-eki-ski-cup_2015.html\">Bank EKI Ski Cup 2015<\/a><\/li>\n\n\n\n<li><a href=\"https:\/\/boedeli-ski.ch\/bank-eki-cup\/2014\/bank-eki-cup_2014.html\">Bank EKI Ski Cup 2014<\/a><\/li>\n\n\n\n<li><a href=\"https:\/\/boedeli-ski.ch\/bank-eki-cup\/2013\/bank-eki-cup_2013.html\">Bank EKI Ski Cup 2013<\/a><\/li>\n\n\n\n<li><a href=\"https:\/\/boedeli-ski.ch\/bank-eki-cup\/2012\/bank-eki-cup_2012.html\">Bank EKI Ski Cup 2012<\/a><\/li>\n\n\n\n<li><a href=\"https:\/\/boedeli-ski.ch\/bank-eki-cup\/2011\/bank-eki-cup_2011.html\">Bank EKI Ski Cup 2011<\/a><\/li>\n\n\n\n<li><a href=\"https:\/\/boedeli-ski.ch\/jungfrau-zeitung-cup\/archiv_jungfrau-zeitung-cup_2010.html\">Jungfrau Zeitung Cup 2010<\/a><\/li>\n\n\n\n<li><a href=\"https:\/\/boedeli-ski.ch\/jungfrau-zeitung-cup\/archiv_jungfrau-zeitung-cup_2009.html\">Jungfrau Zeitung Cup 2009<\/a><\/li>\n\n\n\n<li><a href=\"https:\/\/boedeli-ski.ch\/jungfrau-zeitung-cup\/archiv_jungfrau-zeitung-cup_2008.html\">Jungfrau Zeitung Cup 2008<\/a><\/li>\n\n\n\n<li><a href=\"https:\/\/boedeli-ski.ch\/jungfrau-zeitung-cup\/archiv_jungfrau-zeitung-cup_2007.html\">Jungfrau Zeitung Cup 2007<\/a><\/li>\n<\/ul>\n","protected":false},"excerpt":{"rendered":"<p>Der Bank EKI Ski Cup besteht aus Nachwuchsrennen in den [&hellip;]<\/p>\n","protected":false},"author":1,"featured_media":0,"parent":0,"menu_order":0,"comment_status":"closed","ping_status":"closed","template":"template-fullwidth.php","meta":{"_crdt_document":"","jetpack_post_was_ever_published":false,"footnotes":""},"class_list":["post-174","page","type-page","status-publish","hentry"],"jetpack_sharing_enabled":true,"jetpack_shortlink":"https:\/\/wp.me\/P9y5Fm-2O","_links":{"self":[{"href":"https:\/\/boedeli-ski.ch\/index.php?rest_route=\/wp\/v2\/pages\/174","targetHints":{"allow":["GET"]}}],"collection":[{"href":"https:\/\/boedeli-ski.ch\/index.php?rest_route=\/wp\/v2\/pages"}],"about":[{"href":"https:\/\/boedeli-ski.ch\/index.php?rest_route=\/wp\/v2\/types\/page"}],"author":[{"embeddable":true,"href":"https:\/\/boedeli-ski.ch\/index.php?rest_route=\/wp\/v2\/users\/1"}],"replies":[{"embeddable":true,"href":"https:\/\/boedeli-ski.ch\/index.php?rest_route=%2Fwp%2Fv2%2Fcomments&post=174"}],"version-history":[{"count":277,"href":"https:\/\/boedeli-ski.ch\/index.php?rest_route=\/wp\/v2\/pages\/174\/revisions"}],"predecessor-version":[{"id":7894,"href":"https:\/\/boedeli-ski.ch\/index.php?rest_route=\/wp\/v2\/pages\/174\/revisions\/7894"}],"wp:attachment":[{"href":"https:\/\/boedeli-ski.ch\/index.php?rest_route=%2Fwp%2Fv2%2Fmedia&parent=174"}],"curies":[{"name":"wp","href":"https:\/\/api.w.org\/{rel}","templated":true}]}}